{"id":93,"date":"2013-03-14T19:36:10","date_gmt":"2013-03-14T18:36:10","guid":{"rendered":"http:\/\/scripte.europeanairwings.de\/drupal\/?page_id=93"},"modified":"2024-06-01T10:26:44","modified_gmt":"2024-06-01T08:26:44","slug":"staff","status":"publish","type":"page","link":"https:\/\/www.european-airwings.de\/?page_id=93","title":{"rendered":"Staff"},"content":{"rendered":"<p>Hier findest du eine \u00dcbersicht der Leute, bei der European Airwings, die den Staff bilden. Dazu gibt es neben dem CEO noch weitere Leute, die das allt\u00e4gliche Leben der VA betreuen.<\/p>\n\n\n<figure class=\"wp-block-image size-full\"><a href=\"https:\/\/www.european-airwings.de\/wp-content\/uploads\/2023\/09\/image-6.png\"><img loading=\"lazy\" decoding=\"async\" width=\"170\" height=\"235\" src=\"https:\/\/www.european-airwings.de\/wp-content\/uploads\/2023\/09\/image-6.png\" alt=\"\" class=\"wp-image-1168\"\/><\/a><\/figure>\n\n\n\n<figure class=\"wp-block-table\"><table><tbody><tr><td><strong>Chief Executive Officer<\/strong> <strong>Thomas Reck<\/strong><\/td><td><a href=\"mailto:thomas.reck@european-airwings.de\">thomas.reck@european-airwings.de<\/a><\/td><\/tr><\/tbody><\/table><figcaption class=\"wp-element-caption\"> <em><strong>Aufgabe:<\/strong>&nbsp;K\u00fcmmert sich um den reibungslosen Ablauf der Airline.<\/em><\/figcaption><\/figure>\n\n\n\n<figure class=\"wp-block-image size-full\"><a href=\"https:\/\/www.european-airwings.de\/wp-content\/uploads\/2023\/09\/image-7.png\"><img loading=\"lazy\" decoding=\"async\" width=\"130\" height=\"98\" src=\"https:\/\/www.european-airwings.de\/wp-content\/uploads\/2023\/09\/image-7.png\" alt=\"\" class=\"wp-image-1169\"\/><\/a><\/figure>\n\n\n\n<figure class=\"wp-block-table\"><table><tbody><tr><td><strong>vice Chief Executive Officer<\/strong> <strong>Christian Bamberger<\/strong><\/td><td><a href=\"mailto:christian.bamberger@european-airwings.de\">christian.bamberger@european-airwings.de<\/a><\/td><\/tr><\/tbody><\/table><figcaption class=\"wp-element-caption\"> <em><strong>Aufgabe:<\/strong>&nbsp;K\u00fcmmert sich um den reibngslosen Ablauf der Airline und unterst\u00fctzt den CEO in s\u00e4mtlichen Belangen.<\/em><\/figcaption><\/figure>\n\n\n\n<figure class=\"wp-block-image size-full\"><a href=\"https:\/\/www.european-airwings.de\/wp-content\/uploads\/2023\/09\/image-8.png\"><img loading=\"lazy\" decoding=\"async\" width=\"170\" height=\"235\" src=\"https:\/\/www.european-airwings.de\/wp-content\/uploads\/2023\/09\/image-8.png\" alt=\"\" class=\"wp-image-1170\"\/><\/a><\/figure>\n\n\n\n<figure class=\"wp-block-table\"><table><tbody><tr><td><strong>Webmaster<\/strong> <strong>Thomas Reck<\/strong><\/td><td><a href=\"mailto:thomas.reck@european-airwings.de\">thomas.reck@european-airwings.de<\/a><\/td><\/tr><\/tbody><\/table><figcaption class=\"wp-element-caption\"> <em><strong>Aufgabe:<\/strong>&nbsp;K\u00fcmmert sich um die Konzeption, Gestaltung und Programmierung der Webseiten.<\/em><\/figcaption><\/figure>\n\n\n\n<p><\/p>\n\n\n\n<figure class=\"wp-block-image size-full\"><a href=\"https:\/\/www.european-airwings.de\/wp-content\/uploads\/2023\/09\/image-10.png\"><img loading=\"lazy\" decoding=\"async\" width=\"131\" height=\"200\" src=\"https:\/\/www.european-airwings.de\/wp-content\/uploads\/2023\/09\/image-10.png\" alt=\"\" class=\"wp-image-1172\"\/><\/a><\/figure>\n\n\n\n<figure class=\"wp-block-table\"><table><tbody><tr><td><strong>Eventmanager<\/strong> <strong>Rene Steil<\/strong><\/td><td><a href=\"mailto:rene.steil@european-airwings.de\">rene.steil@european-airwings.de<\/a><\/td><\/tr><\/tbody><\/table><figcaption class=\"wp-element-caption\"> <em><strong>Aufgabe:<\/strong>&nbsp;K\u00fcmmert sich um alle Eventangelegenheiten in unserer VA.<\/em><br><br><\/figcaption><\/figure>\n\n\n\n<figure class=\"wp-block-image size-full\"><a href=\"https:\/\/www.european-airwings.de\/wp-content\/uploads\/2023\/09\/image-11.png\"><img loading=\"lazy\" decoding=\"async\" width=\"131\" height=\"200\" src=\"https:\/\/www.european-airwings.de\/wp-content\/uploads\/2023\/09\/image-11.png\" alt=\"\" class=\"wp-image-1173\"\/><\/a><\/figure>\n\n\n\n<figure class=\"wp-block-table\"><table><tbody><tr><td><strong>Auftragsfl\u00fcge<\/strong> <strong>Rene Steil<\/strong><\/td><td><a href=\"mailto:rene.steil@european-airwings.de\">rene.steil@european-airwings.de<\/a><\/td><\/tr><\/tbody><\/table><figcaption class=\"wp-element-caption\"><em><strong>Aufgabe:<\/strong>&nbsp;K\u00fcmmert sich in Zusammenarbeit mit dem Eventmanager um die Auftragsfl\u00fcge.<\/em><\/figcaption><\/figure>\n","protected":false},"excerpt":{"rendered":"<p>Hier findest du eine \u00dcbersicht der Leute, bei der European Airwings, die den Staff bilden. Dazu gibt es neben dem CEO noch weitere Leute, die das allt\u00e4gliche Leben der VA betreuen. Chief Executive Officer Thomas Reck thomas.reck@european-airwings.de Aufgabe:&nbsp;K\u00fcmmert sich um den reibungslosen Ablauf der Airline. vice Chief Executive Officer Christian Bamberger christian.bamberger@european-airwings.de Aufgabe:&nbsp;K\u00fcmmert sich um [&hellip;]<\/p>\n","protected":false},"author":1,"featured_media":0,"parent":113,"menu_order":2,"comment_status":"closed","ping_status":"closed","template":"","meta":{"footnotes":""},"class_list":["post-93","page","type-page","status-publish","hentry"],"_links":{"self":[{"href":"https:\/\/www.european-airwings.de\/index.php?rest_route=\/wp\/v2\/pages\/93","targetHints":{"allow":["GET"]}}],"collection":[{"href":"https:\/\/www.european-airwings.de\/index.php?rest_route=\/wp\/v2\/pages"}],"about":[{"href":"https:\/\/www.european-airwings.de\/index.php?rest_route=\/wp\/v2\/types\/page"}],"author":[{"embeddable":true,"href":"https:\/\/www.european-airwings.de\/index.php?rest_route=\/wp\/v2\/users\/1"}],"replies":[{"embeddable":true,"href":"https:\/\/www.european-airwings.de\/index.php?rest_route=%2Fwp%2Fv2%2Fcomments&post=93"}],"version-history":[{"count":45,"href":"https:\/\/www.european-airwings.de\/index.php?rest_route=\/wp\/v2\/pages\/93\/revisions"}],"predecessor-version":[{"id":1196,"href":"https:\/\/www.european-airwings.de\/index.php?rest_route=\/wp\/v2\/pages\/93\/revisions\/1196"}],"up":[{"embeddable":true,"href":"https:\/\/www.european-airwings.de\/index.php?rest_route=\/wp\/v2\/pages\/113"}],"wp:attachment":[{"href":"https:\/\/www.european-airwings.de\/index.php?rest_route=%2Fwp%2Fv2%2Fmedia&parent=93"}],"curies":[{"name":"wp","href":"https:\/\/api.w.org\/{rel}","templated":true}]}}