{"id":468,"date":"2018-07-28T21:16:10","date_gmt":"2018-07-28T19:16:10","guid":{"rendered":"http:\/\/www.european-airwings.de\/?page_id=468"},"modified":"2023-09-22T23:20:55","modified_gmt":"2023-09-22T21:20:55","slug":"regeln","status":"publish","type":"page","link":"https:\/\/www.european-airwings.de\/?page_id=468","title":{"rendered":"Regeln"},"content":{"rendered":"<p><b>Artikel 1<\/b><br \/>\nAlle Mitglieder m\u00fcssen mindestens 16 Jahre alt sein.<\/p>\n<p><b>Artikel 2<\/b><br \/>\nEs darf nur Online im IVAO-Netzwerk geflogen werden.<\/p>\n<p><b>Artikel 3<\/b><br \/>\nEs wird gemeinsam \u00fcber Ver\u00e4nderungen entschieden. Bei Abstimmungen z\u00e4hlt die einfache Mehrheit<\/p>\n<p><b>Artikel 4<\/b><br \/>\nEs gibt einen CEO. Er hat die Aufgabe uns bei IVAO zu vertreten.<\/p>\n<p><b>Artikel 5<\/b><br \/>\nEs muss mindestens ein Flug jeden Monat f\u00fcr die European Airwings absolviert werden.<\/p>\n<p><b>Artikel 6<\/b><br \/>\nEs ist nicht verboten Mitglied einer anderen VA zu sein.<\/p>\n<p><b>Artikel 7<\/b><br \/>\nEs wird gerne gesehen wenn auch gemeinsame Fl\u00fcge durchgef\u00fchrt werden.<\/p>\n<p><b>Artikel 8<\/b><br \/>\nAlle Mitglieder sollen respektvoll miteinander umgehen. Es werden keine Beleidigungen im Forum, Skype oder Teamspeak geduldet. Meinungsverschiedenheiten sollen sachlich gekl\u00e4rt werden.<\/p>\n<p><b>Artikel 9<\/b><br \/>\nEs besteht keine Teilnahmepflicht an Events und Flyins<\/p>\n<p><b>Artikel 10<\/b><br \/>\nSpa\u00df haben!<\/p>\n","protected":false},"excerpt":{"rendered":"<p>Artikel 1 Alle Mitglieder m\u00fcssen mindestens 16 Jahre alt sein. Artikel 2 Es darf nur Online im IVAO-Netzwerk geflogen werden. Artikel 3 Es wird gemeinsam \u00fcber Ver\u00e4nderungen entschieden. Bei Abstimmungen z\u00e4hlt die einfache Mehrheit Artikel 4 Es gibt einen CEO. Er hat die Aufgabe uns bei IVAO zu vertreten. Artikel 5 Es muss mindestens ein [&hellip;]<\/p>\n","protected":false},"author":5,"featured_media":0,"parent":95,"menu_order":0,"comment_status":"closed","ping_status":"closed","template":"","meta":{"footnotes":""},"class_list":["post-468","page","type-page","status-publish","hentry"],"_links":{"self":[{"href":"https:\/\/www.european-airwings.de\/index.php?rest_route=\/wp\/v2\/pages\/468","targetHints":{"allow":["GET"]}}],"collection":[{"href":"https:\/\/www.european-airwings.de\/index.php?rest_route=\/wp\/v2\/pages"}],"about":[{"href":"https:\/\/www.european-airwings.de\/index.php?rest_route=\/wp\/v2\/types\/page"}],"author":[{"embeddable":true,"href":"https:\/\/www.european-airwings.de\/index.php?rest_route=\/wp\/v2\/users\/5"}],"replies":[{"embeddable":true,"href":"https:\/\/www.european-airwings.de\/index.php?rest_route=%2Fwp%2Fv2%2Fcomments&post=468"}],"version-history":[{"count":5,"href":"https:\/\/www.european-airwings.de\/index.php?rest_route=\/wp\/v2\/pages\/468\/revisions"}],"predecessor-version":[{"id":1147,"href":"https:\/\/www.european-airwings.de\/index.php?rest_route=\/wp\/v2\/pages\/468\/revisions\/1147"}],"up":[{"embeddable":true,"href":"https:\/\/www.european-airwings.de\/index.php?rest_route=\/wp\/v2\/pages\/95"}],"wp:attachment":[{"href":"https:\/\/www.european-airwings.de\/index.php?rest_route=%2Fwp%2Fv2%2Fmedia&parent=468"}],"curies":[{"name":"wp","href":"https:\/\/api.w.org\/{rel}","templated":true}]}}