{"id":316,"date":"2013-04-16T18:31:37","date_gmt":"2013-04-16T17:31:37","guid":{"rendered":"http:\/\/scripte.europeanairwings.de\/drupal\/?page_id=316"},"modified":"2020-03-29T19:09:48","modified_gmt":"2020-03-29T17:09:48","slug":"impressum","status":"publish","type":"page","link":"https:\/\/www.european-airwings.de\/?page_id=316","title":{"rendered":"Impressum"},"content":{"rendered":"<p>Die European Airwings VA ist eine rein virtuell existierende Fluggesellschaft. Wir stellen keinerlei Anspr\u00fcche auf wirtschaftlichen Realit\u00e4tsbezug und bieten auch keine realen Dienstleistungen oder G\u00fcter in irgendeiner Form an.<\/p>\n<p>Die Seiten wurden erstellt f\u00fcr die European Airwings VA.<\/p>\n<p>CEO<br \/>\nThomas Reck<br \/>\nGebersheimer Weg 58<br \/>\n71254 Ditzingen<br \/>\nE-Mail: thomas.reck@european-airwings.de<\/p>\n<p>vCEO<br \/>\nChristian Bamberger<br \/>\nRotherbachstra\u00dfe 151B<br \/>\n59192 Bergkamen<\/p>\n<p>Gem\u00e4ss \u00a7 28 BDSG widersprechen wir jeder kommerziellen Verwendung und jeder sonstigen Weitergabe und anderweitigen Ver\u00f6ffentlichung obenstehender Daten.<\/p>\n<p>Nach dem Urteil, dass am 12. Mai 1998 vom Landgericht in Hamburg verk\u00fcndet wurde, ist ein Webmaster f\u00fcr die Inhalte von fremden Seiten, auf die auf der eigenen Seite verwiesen wird, mitverantwortlich. Diese Verantwortung entf\u00e4llt, wenn sich der Webmaster ausdr\u00fccklich von den Inhalten der fremden Seiten distanziert. Die im Rahmen der Homepage https:\/\/www.european-airwings.de weiterverweisenden externen Links zu Angeboten Dritter f\u00fchren zu Inhalten der jeweiligen Anbieter und sind nicht die der Verantwortlichen der Homepage https:\/\/www.european-airwings.de. Diese entsprechenden Verweise sind als solche aus dem Zusammenhang erkennbar oder gesondert gekennzeichnet. Wir haben keinerlei Einfluss auf die dort bereitgehaltenen Inhalte und machen uns diese durch die Verweise nicht zueigen. Insbesondere distanzieren wir uns ausdr\u00fccklich von den dort abrufbaren \u00e4usserungen. Eine Verantwortlichkeit kann im \u00fcbrigen nur begr\u00fcndet werden, wenn wir in Kenntnis von Rechtsverletzungen sind und es uns technisch m\u00f6glich und zumutbar ist, deren Nutzung zu verhindern (\u00a7 5 Abs. 2 TDG \/ MDStV). Wir haben die fremden Inhalte auf m\u00f6gliche Rechtsverletzungen in einem uns zumutbaren Umfang \u00fcberpr\u00fcft. Verletzungen von Urheber-, Marken- oder Pers\u00f6nlichkeitsrechten oder Verst\u00f6sse gegen das Wettbewerbsrecht auf den Webseiten der Drittanbieter waren nicht augenscheinlich und sind uns ebenso wenig bekannt wie eine dortige Erf\u00fcllung von Straftatbest\u00e4nden.<\/p>\n<p>F\u00fcr den Inhalt der Internetseiten ist verantwortlich:<\/p>\n<p>Thomas Reck<br \/>\nGebersheimer Weg 58<br \/>\n71254 Ditzingen<br \/>\nE-Mail: thomas.reck@european-airwings.de<\/p>\n","protected":false},"excerpt":{"rendered":"<p>Die European Airwings VA ist eine rein virtuell existierende Fluggesellschaft. Wir stellen keinerlei Anspr\u00fcche auf wirtschaftlichen Realit\u00e4tsbezug und bieten auch keine realen Dienstleistungen oder G\u00fcter in irgendeiner Form an. Die Seiten wurden erstellt f\u00fcr die European Airwings VA. CEO Thomas Reck Gebersheimer Weg 58 71254 Ditzingen E-Mail: thomas.reck@european-airwings.de vCEO Christian Bamberger Rotherbachstra\u00dfe 151B 59192 Bergkamen [&hellip;]<\/p>\n","protected":false},"author":1,"featured_media":0,"parent":91,"menu_order":1,"comment_status":"closed","ping_status":"closed","template":"","meta":{"footnotes":""},"class_list":["post-316","page","type-page","status-publish","hentry"],"_links":{"self":[{"href":"https:\/\/www.european-airwings.de\/index.php?rest_route=\/wp\/v2\/pages\/316","targetHints":{"allow":["GET"]}}],"collection":[{"href":"https:\/\/www.european-airwings.de\/index.php?rest_route=\/wp\/v2\/pages"}],"about":[{"href":"https:\/\/www.european-airwings.de\/index.php?rest_route=\/wp\/v2\/types\/page"}],"author":[{"embeddable":true,"href":"https:\/\/www.european-airwings.de\/index.php?rest_route=\/wp\/v2\/users\/1"}],"replies":[{"embeddable":true,"href":"https:\/\/www.european-airwings.de\/index.php?rest_route=%2Fwp%2Fv2%2Fcomments&post=316"}],"version-history":[{"count":6,"href":"https:\/\/www.european-airwings.de\/index.php?rest_route=\/wp\/v2\/pages\/316\/revisions"}],"predecessor-version":[{"id":862,"href":"https:\/\/www.european-airwings.de\/index.php?rest_route=\/wp\/v2\/pages\/316\/revisions\/862"}],"up":[{"embeddable":true,"href":"https:\/\/www.european-airwings.de\/index.php?rest_route=\/wp\/v2\/pages\/91"}],"wp:attachment":[{"href":"https:\/\/www.european-airwings.de\/index.php?rest_route=%2Fwp%2Fv2%2Fmedia&parent=316"}],"curies":[{"name":"wp","href":"https:\/\/api.w.org\/{rel}","templated":true}]}}